{"id":3212,"date":"2023-11-22T12:16:34","date_gmt":"2023-11-22T11:16:34","guid":{"rendered":"http:\/\/albergmirador.com\/?page_id=3212"},"modified":"2023-11-22T12:24:11","modified_gmt":"2023-11-22T11:24:11","slug":"qui-sommes-nous","status":"publish","type":"page","link":"https:\/\/albergmirador.com\/fr\/qui-sommes-nous\/","title":{"rendered":"Qui sommes nous"},"content":{"rendered":"<div data-elementor-type=\"wp-page\" data-elementor-id=\"3212\" class=\"elementor elementor-3212\" data-elementor-post-type=\"page\">\n\t\t\t\t\t\t<section class=\"elementor-section elementor-top-section elementor-element elementor-element-1a9d174 elementor-section-height-min-height elementor-section-full_width elementor-section-height-default elementor-section-items-middle\" data-id=\"1a9d174\" data-element_type=\"section\" data-settings=\"{&quot;background_background&quot;:&quot;classic&quot;}\">\n\t\t\t\t\t\t\t<div class=\"elementor-background-overlay\"><\/div>\n\t\t\t\t\t\t\t<div class=\"elementor-container elementor-column-gap-default\">\n\t\t\t\t\t<div class=\"elementor-column elementor-col-100 elementor-top-column elementor-element elementor-element-5ecc998\" data-id=\"5ecc998\" data-element_type=\"column\">\n\t\t\t<div class=\"elementor-widget-wrap\">\n\t\t\t\t\t\t\t<\/div>\n\t\t<\/div>\n\t\t\t\t\t<\/div>\n\t\t<\/section>\n\t\t\t\t<section class=\"elementor-section elementor-top-section elementor-element elementor-element-60d2905 elementor-section-boxed elementor-section-height-default elementor-section-height-default\" data-id=\"60d2905\" data-element_type=\"section\" data-settings=\"{&quot;background_background&quot;:&quot;classic&quot;}\">\n\t\t\t\t\t\t<div class=\"elementor-container elementor-column-gap-default\">\n\t\t\t\t\t<div class=\"elementor-column elementor-col-100 elementor-top-column elementor-element elementor-element-3ad0a29\" data-id=\"3ad0a29\" data-element_type=\"column\">\n\t\t\t<div class=\"elementor-widget-wrap elementor-element-populated\">\n\t\t\t\t\t\t<div class=\"elementor-element elementor-element-65311e7 elementor-widget elementor-widget-heading\" data-id=\"65311e7\" data-element_type=\"widget\" data-widget_type=\"heading.default\">\n\t\t\t\t<div class=\"elementor-widget-container\">\n\t\t\t\t\t<h1 class=\"elementor-heading-title elementor-size-default\">Qui sont les Alberg Mirador ?\n<\/h1>\t\t\t\t<\/div>\n\t\t\t\t<\/div>\n\t\t\t\t<div class=\"elementor-element elementor-element-cefbd72 elementor-widget elementor-widget-heading\" data-id=\"cefbd72\" data-element_type=\"widget\" data-widget_type=\"heading.default\">\n\t\t\t\t<div class=\"elementor-widget-container\">\n\t\t\t\t\t<h2 class=\"elementor-heading-title elementor-size-default\">ESPORTEC OUTDOOR SPORT SL est une entreprise de services sportifs (C-433) et une agence de voyages (GC-4023) cr\u00e9\u00e9e dans le but de promouvoir la pratique sportive et l&#039;esprit d&#039;aventure.\n<\/h2>\t\t\t\t<\/div>\n\t\t\t\t<\/div>\n\t\t\t\t<div class=\"elementor-element elementor-element-5316855 elementor-widget elementor-widget-text-editor\" data-id=\"5316855\" data-element_type=\"widget\" data-widget_type=\"text-editor.default\">\n\t\t\t\t<div class=\"elementor-widget-container\">\n\t\t\t\t\t\t\t\t\t<p>L&#039;Alberg Mirador Port del Comte fait partie de la gamme de services d&#039;Esportec Outdoor Sport.<\/p>\t\t\t\t\t\t\t\t<\/div>\n\t\t\t\t<\/div>\n\t\t\t\t\t<\/div>\n\t\t<\/div>\n\t\t\t\t\t<\/div>\n\t\t<\/section>\n\t\t\t\t<section class=\"elementor-section elementor-top-section elementor-element elementor-element-98aee8a elementor-section-height-full elementor-section-boxed elementor-section-height-default elementor-section-items-middle\" data-id=\"98aee8a\" data-element_type=\"section\" data-settings=\"{&quot;background_background&quot;:&quot;classic&quot;}\">\n\t\t\t\t\t\t<div class=\"elementor-container elementor-column-gap-default\">\n\t\t\t\t\t<div class=\"elementor-column elementor-col-50 elementor-top-column elementor-element elementor-element-bf45e44\" data-id=\"bf45e44\" data-element_type=\"column\">\n\t\t\t<div class=\"elementor-widget-wrap elementor-element-populated\">\n\t\t\t\t\t\t<div class=\"elementor-element elementor-element-eeadb59 elementor-widget__width-initial elementor-widget elementor-widget-text-editor\" data-id=\"eeadb59\" data-element_type=\"widget\" data-widget_type=\"text-editor.default\">\n\t\t\t\t<div class=\"elementor-widget-container\">\n\t\t\t\t\t\t\t\t\t<div class=\"elementor-element elementor-element-2897817f elementor-widget elementor-widget-text-editor\" data-id=\"2897817f\" data-element_type=\"widget\" data-widget_type=\"text-editor.default\">\n<div class=\"elementor-widget-container\">\n<p>Notre sp\u00e9cialit\u00e9 est la\u00a0<strong>Activit\u00e9s sportives physiques<\/strong>\u00a0dans le Milieu Naturel, et c&#039;est pourquoi nous voulons faire conna\u00eetre les possibilit\u00e9s offertes par notre environnement, que ce soit en mer ou \u00e0 la montagne.<\/p>\n<p>Afin de pouvoir garantir la meilleure qualit\u00e9, prix et contr\u00f4le, nous r\u00e9alisons toutes les activit\u00e9s nous-m\u00eames, sans interm\u00e9diaires.<\/p>\n<p>Nous voulons le n\u00f4tre\u00a0<strong>les aventures sont uniques et originales, toujours dans le respect de l&#039;environnement qui nous entoure<\/strong>. C&#039;est pourquoi nous travaillons en permanence \u00e0 la conception de nouveaux produits et de sorties, afin de vous faire d\u00e9couvrir les endroits les plus idylliques de nos r\u00e9gions.<\/p>\n<p>Pour offrir un maximum de professionnalisme et de qualit\u00e9 dans nos services, notre personnel est compos\u00e9 de techniciens sportifs sp\u00e9cialis\u00e9s dans chacune des activit\u00e9s et des produits que nous proposons.<\/p>\n<p>Toutes les activit\u00e9s sont dirig\u00e9es par des Dipl\u00f4m\u00e9s en Sciences de l&#039;Activit\u00e9 Physique et du Sport et des directeurs de loisirs conform\u00e9ment \u00e0 la r\u00e9glementation en vigueur : D\u00e9cret 56\/2003, Lois 1\/2000 et 3\/2008.<\/p>\n<p>Pour plus d&#039;information, veuillez visiter notre site web:<\/p>\n<\/div>\n<\/div>\t\t\t\t\t\t\t\t<\/div>\n\t\t\t\t<\/div>\n\t\t\t\t<div class=\"elementor-element elementor-element-6f3fa07 elementor-align-left elementor-mobile-align-center elementor-widget elementor-widget-button\" data-id=\"6f3fa07\" data-element_type=\"widget\" data-widget_type=\"button.default\">\n\t\t\t\t<div class=\"elementor-widget-container\">\n\t\t\t\t\t\t\t\t\t<div class=\"elementor-button-wrapper\">\n\t\t\t\t\t<a class=\"elementor-button elementor-button-link elementor-size-lg elementor-animation-grow\" href=\"https:\/\/www.esportec.cat\/ca\/qui-som\/\" target=\"_blank\" rel=\"nofollow noopener\">\n\t\t\t\t\t\t<span class=\"elementor-button-content-wrapper\">\n\t\t\t\t\t\t\t\t\t<span class=\"elementor-button-text\">DES SPORTS<\/span>\n\t\t\t\t\t<\/span>\n\t\t\t\t\t<\/a>\n\t\t\t\t<\/div>\n\t\t\t\t\t\t\t\t<\/div>\n\t\t\t\t<\/div>\n\t\t\t\t\t<\/div>\n\t\t<\/div>\n\t\t\t\t<div class=\"elementor-column elementor-col-50 elementor-top-column elementor-element elementor-element-47ee9d8\" data-id=\"47ee9d8\" data-element_type=\"column\" data-settings=\"{&quot;background_background&quot;:&quot;classic&quot;}\">\n\t\t\t<div class=\"elementor-widget-wrap elementor-element-populated\">\n\t\t\t\t\t\t<div class=\"elementor-element elementor-element-d9d509e elementor-widget elementor-widget-spacer\" data-id=\"d9d509e\" data-element_type=\"widget\" data-widget_type=\"spacer.default\">\n\t\t\t\t<div class=\"elementor-widget-container\">\n\t\t\t\t\t\t\t<div class=\"elementor-spacer\">\n\t\t\t<div class=\"elementor-spacer-inner\"><\/div>\n\t\t<\/div>\n\t\t\t\t\t\t<\/div>\n\t\t\t\t<\/div>\n\t\t\t\t\t<\/div>\n\t\t<\/div>\n\t\t\t\t\t<\/div>\n\t\t<\/section>\n\t\t<div class=\"elementor-element elementor-element-f5135c9 e-flex e-con-boxed e-con e-parent\" data-id=\"f5135c9\" data-element_type=\"container\" data-settings=\"{&quot;background_background&quot;:&quot;classic&quot;}\">\n\t\t\t\t\t<div class=\"e-con-inner\">\n\t\t\t\t<div class=\"elementor-element elementor-element-1091590 elementor-widget elementor-widget-shortcode\" data-id=\"1091590\" data-element_type=\"widget\" data-widget_type=\"shortcode.default\">\n\t\t\t\t<div class=\"elementor-widget-container\">\n\t\t\t\t\t\t\t<div class=\"elementor-shortcode\"><script src=\"https:\/\/static.elfsight.com\/platform\/platform.js\" data-use-service-core defer><\/script>\n<div class=\"elfsight-app-87cac7a0-376e-4b11-b935-ea260dd31d2b\" data-elfsight-app-lazy><\/div><\/div>\n\t\t\t\t\t\t<\/div>\n\t\t\t\t<\/div>\n\t\t\t\t\t<\/div>\n\t\t\t\t<\/div>\n\t\t\t\t<\/div>","protected":false},"excerpt":{"rendered":"<p>Qui sommes-nous ? ESPORTEC OUTDOOR SPORT SL est une entreprise de services sportifs (C-433) et une agence de voyages (GC-4023) cr\u00e9\u00e9es dans le but de promouvoir<span class=\"excerpt-hellip\"> [...]<\/span><\/p>","protected":false},"author":2,"featured_media":0,"parent":0,"menu_order":0,"comment_status":"closed","ping_status":"closed","template":"","meta":{"_acf_changed":false,"_themeisle_gutenberg_block_has_review":false,"footnotes":""},"class_list":["post-3212","page","type-page","status-publish","hentry"],"acf":[],"_links":{"self":[{"href":"https:\/\/albergmirador.com\/fr\/wp-json\/wp\/v2\/pages\/3212","targetHints":{"allow":["GET"]}}],"collection":[{"href":"https:\/\/albergmirador.com\/fr\/wp-json\/wp\/v2\/pages"}],"about":[{"href":"https:\/\/albergmirador.com\/fr\/wp-json\/wp\/v2\/types\/page"}],"author":[{"embeddable":true,"href":"https:\/\/albergmirador.com\/fr\/wp-json\/wp\/v2\/users\/2"}],"replies":[{"embeddable":true,"href":"https:\/\/albergmirador.com\/fr\/wp-json\/wp\/v2\/comments?post=3212"}],"version-history":[{"count":0,"href":"https:\/\/albergmirador.com\/fr\/wp-json\/wp\/v2\/pages\/3212\/revisions"}],"wp:attachment":[{"href":"https:\/\/albergmirador.com\/fr\/wp-json\/wp\/v2\/media?parent=3212"}],"curies":[{"name":"wp","href":"https:\/\/api.w.org\/{rel}","templated":true}]}}