{"id":3212,"date":"2023-11-22T12:16:34","date_gmt":"2023-11-22T11:16:34","guid":{"rendered":"http:\/\/albergmirador.com\/?page_id=3212"},"modified":"2023-11-22T12:24:11","modified_gmt":"2023-11-22T11:24:11","slug":"quienes-somos","status":"publish","type":"page","link":"https:\/\/albergmirador.com\/es\/quienes-somos\/","title":{"rendered":"Qui\u00e9nes somos"},"content":{"rendered":"<div data-elementor-type=\"wp-page\" data-elementor-id=\"3212\" class=\"elementor elementor-3212\" data-elementor-post-type=\"page\">\n\t\t\t\t\t\t<section class=\"elementor-section elementor-top-section elementor-element elementor-element-1a9d174 elementor-section-height-min-height elementor-section-full_width elementor-section-height-default elementor-section-items-middle\" data-id=\"1a9d174\" data-element_type=\"section\" data-settings=\"{&quot;background_background&quot;:&quot;classic&quot;}\">\n\t\t\t\t\t\t\t<div class=\"elementor-background-overlay\"><\/div>\n\t\t\t\t\t\t\t<div class=\"elementor-container elementor-column-gap-default\">\n\t\t\t\t\t<div class=\"elementor-column elementor-col-100 elementor-top-column elementor-element elementor-element-5ecc998\" data-id=\"5ecc998\" data-element_type=\"column\">\n\t\t\t<div class=\"elementor-widget-wrap\">\n\t\t\t\t\t\t\t<\/div>\n\t\t<\/div>\n\t\t\t\t\t<\/div>\n\t\t<\/section>\n\t\t\t\t<section class=\"elementor-section elementor-top-section elementor-element elementor-element-60d2905 elementor-section-boxed elementor-section-height-default elementor-section-height-default\" data-id=\"60d2905\" data-element_type=\"section\" data-settings=\"{&quot;background_background&quot;:&quot;classic&quot;}\">\n\t\t\t\t\t\t<div class=\"elementor-container elementor-column-gap-default\">\n\t\t\t\t\t<div class=\"elementor-column elementor-col-100 elementor-top-column elementor-element elementor-element-3ad0a29\" data-id=\"3ad0a29\" data-element_type=\"column\">\n\t\t\t<div class=\"elementor-widget-wrap elementor-element-populated\">\n\t\t\t\t\t\t<div class=\"elementor-element elementor-element-65311e7 elementor-widget elementor-widget-heading\" data-id=\"65311e7\" data-element_type=\"widget\" data-widget_type=\"heading.default\">\n\t\t\t\t<div class=\"elementor-widget-container\">\n\t\t\t\t\t<h1 class=\"elementor-heading-title elementor-size-default\">\u00bfQui\u00e9nes somos Albergue Mirador?\n<\/h1>\t\t\t\t<\/div>\n\t\t\t\t<\/div>\n\t\t\t\t<div class=\"elementor-element elementor-element-cefbd72 elementor-widget elementor-widget-heading\" data-id=\"cefbd72\" data-element_type=\"widget\" data-widget_type=\"heading.default\">\n\t\t\t\t<div class=\"elementor-widget-container\">\n\t\t\t\t\t<h2 class=\"elementor-heading-title elementor-size-default\">DEPORTEC OUTDOOR SPORT SL somos una empresa de servicios deportivos (C-433) y agencia de viajes (GC-4023) creada con la intenci\u00f3n de fomentar la pr\u00e1ctica deportiva y el esp\u00edritu de aventura.\n<\/h2>\t\t\t\t<\/div>\n\t\t\t\t<\/div>\n\t\t\t\t<div class=\"elementor-element elementor-element-5316855 elementor-widget elementor-widget-text-editor\" data-id=\"5316855\" data-element_type=\"widget\" data-widget_type=\"text-editor.default\">\n\t\t\t\t<div class=\"elementor-widget-container\">\n\t\t\t\t\t\t\t\t\t<p>El Albergue Mirador Port del Comte forma parte de la oferta de servicios de Esportec Outdoor Sport.<\/p>\t\t\t\t\t\t\t\t<\/div>\n\t\t\t\t<\/div>\n\t\t\t\t\t<\/div>\n\t\t<\/div>\n\t\t\t\t\t<\/div>\n\t\t<\/section>\n\t\t\t\t<section class=\"elementor-section elementor-top-section elementor-element elementor-element-98aee8a elementor-section-height-full elementor-section-boxed elementor-section-height-default elementor-section-items-middle\" data-id=\"98aee8a\" data-element_type=\"section\" data-settings=\"{&quot;background_background&quot;:&quot;classic&quot;}\">\n\t\t\t\t\t\t<div class=\"elementor-container elementor-column-gap-default\">\n\t\t\t\t\t<div class=\"elementor-column elementor-col-50 elementor-top-column elementor-element elementor-element-bf45e44\" data-id=\"bf45e44\" data-element_type=\"column\">\n\t\t\t<div class=\"elementor-widget-wrap elementor-element-populated\">\n\t\t\t\t\t\t<div class=\"elementor-element elementor-element-eeadb59 elementor-widget__width-initial elementor-widget elementor-widget-text-editor\" data-id=\"eeadb59\" data-element_type=\"widget\" data-widget_type=\"text-editor.default\">\n\t\t\t\t<div class=\"elementor-widget-container\">\n\t\t\t\t\t\t\t\t\t<div class=\"elementor-element elementor-element-2897817f elementor-widget elementor-widget-text-editor\" data-id=\"2897817f\" data-element_type=\"widget\" data-widget_type=\"text-editor.default\">\n<div class=\"elementor-widget-container\">\n<p>Nuestra especialidad son las\u00a0<strong>Actividades F\u00edsico Deportivas<\/strong>\u00a0en el Medio Natural, y es por eso que queremos dar a conocer las posibilidades que ofrece nuestro entorno, ya sea en el mar o en la monta\u00f1a.<\/p>\n<p>Para poder garantizar la mejor calidad, precio y control, realizamos todas las actividades nosotros mismos, sin intermediarios.<\/p>\n<p>Queremos que las nuestras\u00a0<strong>aventuras sean \u00fanicas y originales, respetando siempre el medio que nos rodea<\/strong>. Por este motivo, trabajamos continuamente en dise\u00f1ar nuevos productos y salidas, para que pueda descubrir los lugares m\u00e1s id\u00edlicos de nuestra regi\u00f3n.<\/p>\n<p>Para ofrecer el mayor profesionalismo y calidad en nuestros servicios, nuestra plantilla consta de t\u00e9cnicos deportivos especializados en cada una de las actividades y productos que ofrecemos.<\/p>\n<p>Todas las actividades est\u00e1n dirigidas por Licenciados en Ciencias de la Actividad F\u00edsica y el Deporte y directores de ocio seg\u00fan la normativa vigente: Decreto 56\/2003, Leyes 1\/2000 y 3\/2008.<\/p>\n<p>Para m\u00e1s informaci\u00f3n, por favor visite nuestro sitio web:<\/p>\n<\/div>\n<\/div>\t\t\t\t\t\t\t\t<\/div>\n\t\t\t\t<\/div>\n\t\t\t\t<div class=\"elementor-element elementor-element-6f3fa07 elementor-align-left elementor-mobile-align-center elementor-widget elementor-widget-button\" data-id=\"6f3fa07\" data-element_type=\"widget\" data-widget_type=\"button.default\">\n\t\t\t\t<div class=\"elementor-widget-container\">\n\t\t\t\t\t\t\t\t\t<div class=\"elementor-button-wrapper\">\n\t\t\t\t\t<a class=\"elementor-button elementor-button-link elementor-size-lg elementor-animation-grow\" href=\"https:\/\/www.esportec.cat\/ca\/qui-som\/\" target=\"_blank\" rel=\"nofollow noopener\">\n\t\t\t\t\t\t<span class=\"elementor-button-content-wrapper\">\n\t\t\t\t\t\t\t\t\t<span class=\"elementor-button-text\">DEPORTEC<\/span>\n\t\t\t\t\t<\/span>\n\t\t\t\t\t<\/a>\n\t\t\t\t<\/div>\n\t\t\t\t\t\t\t\t<\/div>\n\t\t\t\t<\/div>\n\t\t\t\t\t<\/div>\n\t\t<\/div>\n\t\t\t\t<div class=\"elementor-column elementor-col-50 elementor-top-column elementor-element elementor-element-47ee9d8\" data-id=\"47ee9d8\" data-element_type=\"column\" data-settings=\"{&quot;background_background&quot;:&quot;classic&quot;}\">\n\t\t\t<div class=\"elementor-widget-wrap elementor-element-populated\">\n\t\t\t\t\t\t<div class=\"elementor-element elementor-element-d9d509e elementor-widget elementor-widget-spacer\" data-id=\"d9d509e\" data-element_type=\"widget\" data-widget_type=\"spacer.default\">\n\t\t\t\t<div class=\"elementor-widget-container\">\n\t\t\t\t\t\t\t<div class=\"elementor-spacer\">\n\t\t\t<div class=\"elementor-spacer-inner\"><\/div>\n\t\t<\/div>\n\t\t\t\t\t\t<\/div>\n\t\t\t\t<\/div>\n\t\t\t\t\t<\/div>\n\t\t<\/div>\n\t\t\t\t\t<\/div>\n\t\t<\/section>\n\t\t<div class=\"elementor-element elementor-element-f5135c9 e-flex e-con-boxed e-con e-parent\" data-id=\"f5135c9\" data-element_type=\"container\" data-settings=\"{&quot;background_background&quot;:&quot;classic&quot;}\">\n\t\t\t\t\t<div class=\"e-con-inner\">\n\t\t\t\t<div class=\"elementor-element elementor-element-1091590 elementor-widget elementor-widget-shortcode\" data-id=\"1091590\" data-element_type=\"widget\" data-widget_type=\"shortcode.default\">\n\t\t\t\t<div class=\"elementor-widget-container\">\n\t\t\t\t\t\t\t<div class=\"elementor-shortcode\"><script src=\"https:\/\/static.elfsight.com\/platform\/platform.js\" data-use-service-core defer><\/script>\n<div class=\"elfsight-app-87cac7a0-376e-4b11-b935-ea260dd31d2b\" data-elfsight-app-lazy><\/div><\/div>\n\t\t\t\t\t\t<\/div>\n\t\t\t\t<\/div>\n\t\t\t\t\t<\/div>\n\t\t\t\t<\/div>\n\t\t\t\t<\/div>","protected":false},"excerpt":{"rendered":"<p>Qui som Alberg Mirador? ESPORTEC OUTDOOR SPORT S.L. som una empresa de serveis esportius (C-433) i age\u0300ncia de viatges (GC-4023) creada amb la intencio\u0301 de fomentar<span class=\"excerpt-hellip\"> [\u2026]<\/span><\/p>","protected":false},"author":2,"featured_media":0,"parent":0,"menu_order":0,"comment_status":"closed","ping_status":"closed","template":"","meta":{"_acf_changed":false,"_themeisle_gutenberg_block_has_review":false,"footnotes":""},"class_list":["post-3212","page","type-page","status-publish","hentry"],"acf":[],"_links":{"self":[{"href":"https:\/\/albergmirador.com\/es\/wp-json\/wp\/v2\/pages\/3212","targetHints":{"allow":["GET"]}}],"collection":[{"href":"https:\/\/albergmirador.com\/es\/wp-json\/wp\/v2\/pages"}],"about":[{"href":"https:\/\/albergmirador.com\/es\/wp-json\/wp\/v2\/types\/page"}],"author":[{"embeddable":true,"href":"https:\/\/albergmirador.com\/es\/wp-json\/wp\/v2\/users\/2"}],"replies":[{"embeddable":true,"href":"https:\/\/albergmirador.com\/es\/wp-json\/wp\/v2\/comments?post=3212"}],"version-history":[{"count":0,"href":"https:\/\/albergmirador.com\/es\/wp-json\/wp\/v2\/pages\/3212\/revisions"}],"wp:attachment":[{"href":"https:\/\/albergmirador.com\/es\/wp-json\/wp\/v2\/media?parent=3212"}],"curies":[{"name":"wp","href":"https:\/\/api.w.org\/{rel}","templated":true}]}}